{"id":19,"date":"2012-07-02T15:40:09","date_gmt":"2012-07-02T15:40:09","guid":{"rendered":"http:\/\/www.arquitectosveracruz.com\/?page_id=19"},"modified":"2012-07-12T17:23:01","modified_gmt":"2012-07-12T17:23:01","slug":"bienvenidos-ivan-duarte-arquitecto-en-veracruz","status":"publish","type":"page","link":"https:\/\/arquitectosveracruz.com\/","title":{"rendered":"Ivan Duarte Arquitectos en Veracruz"},"content":{"rendered":"<h1><span style=\"font-size: small;\">IDA &#8211; Arquitectos en Veracruz M\u00e9xico, \u00a0Especializamos en;\u00a0dise\u00f1o de casa, planos casas, planos proyectos, planos arquitectonicos, renders arquitectonicos y proyectos arquitectonicos.<\/span><\/h1>\n<p><a href=\"https:\/\/arquitectosveracruz.com\/wp-content\/uploads\/2012\/07\/ida_006p.jpg\"><img loading=\"lazy\" decoding=\"async\" class=\"alignnone size-full wp-image-59\" title=\"ida_006p\" src=\"https:\/\/arquitectosveracruz.com\/wp-content\/uploads\/2012\/07\/ida_006p.jpg\" alt=\"Arquitectos en Veracruz\" width=\"540\" height=\"309\" srcset=\"https:\/\/arquitectosveracruz.com\/wp-content\/uploads\/2012\/07\/ida_006p.jpg 540w, https:\/\/arquitectosveracruz.com\/wp-content\/uploads\/2012\/07\/ida_006p-300x171.jpg 300w, https:\/\/arquitectosveracruz.com\/wp-content\/uploads\/2012\/07\/ida_006p-500x286.jpg 500w\" sizes=\"auto, (max-width: 540px) 100vw, 540px\" \/><\/a><\/p>\n<p>Iv\u00e1n Duarte, arquitecto en Veracruz especializado en el dise\u00f1o, renders y \u00a0la construcci\u00f3n de obras din\u00e1micas y contempor\u00e1neas.\u00a0Aqu\u00ed usted encuentra una muestra de varias obras de arquitectura que Iv\u00e1n ha realizado en el estado de Veracruz. Actualmente est\u00e1 extendiendo su alcance a otras ciudades principales.<\/p>\n<ul>\n<li>\n<h2>Arquitectos En Veracruz<\/h2>\n<\/li>\n<li>Dise\u00f1o De Casa<\/li>\n<li>Planos Casas<\/li>\n<li>Planos Proyectos<\/li>\n<li>Planos Arquitectonicos<\/li>\n<li>Renders Arquitectonicos<\/li>\n<li>Proyectos Arquitectonicos<\/li>\n<li>Remodelaci\u00f3n\u00a0de Casas<\/li>\n<li>Construcci\u00f3n de Casas<\/li>\n<\/ul>\n<h3>IDA &#8211; Iv\u00e1n Duarte Arquitecto en Veracruz, dise\u00f1o de casa, planos casas, planos proyectos, planos arquitectonicos, renders arquitectonicos, proyectos arquitectonicos<\/h3>\n<p>&nbsp;<\/p>\n","protected":false},"excerpt":{"rendered":"<p>IDA &#8211; Arquitectos en Veracruz M\u00e9xico, \u00a0Especializamos en;\u00a0dise\u00f1o de casa, planos casas, planos proyectos, planos arquitectonicos, renders arquitectonicos y proyectos arquitectonicos. Iv\u00e1n Duarte, arquitecto en Veracruz especializado en el dise\u00f1o, renders y \u00a0la construcci\u00f3n de obras din\u00e1micas y contempor\u00e1neas.\u00a0Aqu\u00ed usted &hellip; <a href=\"https:\/\/arquitectosveracruz.com\/\">Continue reading <span class=\"meta-nav\">&rarr;<\/span><\/a><\/p>\n","protected":false},"author":1,"featured_media":59,"parent":0,"menu_order":0,"comment_status":"open","ping_status":"open","template":"sidebar-page.php","meta":{"ngg_post_thumbnail":0,"footnotes":""},"class_list":["post-19","page","type-page","status-publish","has-post-thumbnail","hentry"],"_links":{"self":[{"href":"https:\/\/arquitectosveracruz.com\/index.php?rest_route=\/wp\/v2\/pages\/19","targetHints":{"allow":["GET"]}}],"collection":[{"href":"https:\/\/arquitectosveracruz.com\/index.php?rest_route=\/wp\/v2\/pages"}],"about":[{"href":"https:\/\/arquitectosveracruz.com\/index.php?rest_route=\/wp\/v2\/types\/page"}],"author":[{"embeddable":true,"href":"https:\/\/arquitectosveracruz.com\/index.php?rest_route=\/wp\/v2\/users\/1"}],"replies":[{"embeddable":true,"href":"https:\/\/arquitectosveracruz.com\/index.php?rest_route=%2Fwp%2Fv2%2Fcomments&post=19"}],"version-history":[{"count":12,"href":"https:\/\/arquitectosveracruz.com\/index.php?rest_route=\/wp\/v2\/pages\/19\/revisions"}],"predecessor-version":[{"id":67,"href":"https:\/\/arquitectosveracruz.com\/index.php?rest_route=\/wp\/v2\/pages\/19\/revisions\/67"}],"wp:featuredmedia":[{"embeddable":true,"href":"https:\/\/arquitectosveracruz.com\/index.php?rest_route=\/wp\/v2\/media\/59"}],"wp:attachment":[{"href":"https:\/\/arquitectosveracruz.com\/index.php?rest_route=%2Fwp%2Fv2%2Fmedia&parent=19"}],"curies":[{"name":"wp","href":"https:\/\/api.w.org\/{rel}","templated":true}]}}