{"id":2,"date":"2012-06-13T21:15:23","date_gmt":"2012-06-13T21:15:23","guid":{"rendered":"http:\/\/arquitectosveracruz.com\/\/?page_id=2"},"modified":"2012-07-12T17:11:40","modified_gmt":"2012-07-12T17:11:40","slug":"sample-page","status":"publish","type":"page","link":"https:\/\/arquitectosveracruz.com\/?page_id=2","title":{"rendered":"Curriculum Profesional"},"content":{"rendered":"<h1><strong><span style=\"font-size: x-large;\">Arq. Iv\u00e1n Duarte Ben\u00edtez\u00a0Arquitecto en Veracruz<\/span><\/strong><br \/>\nCed. Prof. 2872818<\/h1>\n<p><img loading=\"lazy\" decoding=\"async\" class=\"alignnone size-full wp-image-35\" title=\"ida_001\" src=\"https:\/\/arquitectosveracruz.com\/wp-content\/uploads\/2012\/06\/ida_001.jpg\" alt=\"Arquitectos en Veracruz M\u00e9xico\" width=\"540\" height=\"316\" srcset=\"https:\/\/arquitectosveracruz.com\/wp-content\/uploads\/2012\/06\/ida_001.jpg 540w, https:\/\/arquitectosveracruz.com\/wp-content\/uploads\/2012\/06\/ida_001-300x175.jpg 300w, https:\/\/arquitectosveracruz.com\/wp-content\/uploads\/2012\/06\/ida_001-500x292.jpg 500w\" sizes=\"auto, (max-width: 540px) 100vw, 540px\" \/><\/p>\n<p><span style=\"font-size: x-large;\">Desarrollo Profesional<\/span><\/p>\n<p><span style=\"color: #3366ff; font-size: x-large;\"><strong>Diciembre de 1997-1999<\/strong><\/span><\/p>\n<p>Direcci\u00f3n y Supervisi\u00f3n y Desarrollo de Proyectos Integrales.<\/p>\n<ul>\n<li>Casas Residenciales<\/li>\n<li>Casas de Inter\u00e9s Social<\/li>\n<li>Departamentos<\/li>\n<\/ul>\n<p>Dise\u00f1o y planeaci\u00f3n de departamentos , Grupo C.O.V.I<\/p>\n<ul>\n<li>Bodegas industriales<\/li>\n<\/ul>\n<p>Dise\u00f1o Y planeaci\u00f3n de Bodegas Industriales Grupo Z.I.O.N.<\/p>\n<ul>\n<li>Hoteles<\/li>\n<\/ul>\n<p>Planeaci\u00f3n de la remodelaci\u00f3n del Hotel Veracruz.<\/p>\n<ul>\n<li>Bancos<\/li>\n<\/ul>\n<p>Actualizaci\u00f3n de Planos de acuerdo a las normativas de las instalaciones de las sucursales Banamex.<\/p>\n<ul>\n<li>Restaurantes<\/li>\n<li>Impartici\u00f3n de cursos de Autocad para el (IMP) Instituto Mexicano del Petr\u00f3leo.<\/li>\n<\/ul>\n<p>&nbsp;<\/p>\n<p><span style=\"color: #3366ff; font-size: x-large;\"><strong>Noviembre 1999- Julio. 2000<\/strong><\/span><\/p>\n<p>Dise\u00f1o Integral de las Instalaciones de la compa\u00f1\u00eda &#8220;Digitalis&#8221; Grupo Contino.<\/p>\n<ul>\n<li>Desarrollo de Proyecto de Instalaciones en General<\/li>\n<li>Dise\u00f1o y Desarrollo de Servicios al P\u00fablico<\/li>\n<li>Gerencia de Producci\u00f3n, Manufacturas y Tienda<\/li>\n<\/ul>\n<p>&nbsp;<\/p>\n<p><span style=\"color: #3366ff; font-size: x-large;\"><strong>Septiembre del 2000- Enero del 2001<\/strong><\/span><\/p>\n<p>Constructora y Promotora Malibran S.A. de C. V.<\/p>\n<p>Jefe del Departamento de dise\u00f1o y Planeaci\u00f3n de Proyectos.<\/p>\n<ul>\n<li>Dise\u00f1o y Supervisi\u00f3n del Proyecto del Restaurante \u201c Bennigans \u201c<\/li>\n<li>\u00a0Dise\u00f1o y Planeaci\u00f3n de Nuevas Oficinas Corporativas ISR \u2013 CPM<\/li>\n<li>Dise\u00f1o de Restaurante tipo Campestre en Av. Costa Verde<\/li>\n<li>Dise\u00f1o de Remodelaci\u00f3n de Edificio de Departamentos ubicado en Av. Ruiz Cortinez. M\u00e9xico DF<\/li>\n<\/ul>\n<p>&nbsp;<\/p>\n<p><span style=\"color: #3366ff; font-size: x-large;\"><strong>Enero del 2001 &#8211; 2005<\/strong><\/span><\/p>\n<p>E.D. Proyectos Integrales S.A. de C.V.<\/p>\n<p>Gerente Departamento de dise\u00f1o, Planeaci\u00f3n y Supervisi\u00f3n de Proyectos.<\/p>\n<ul>\n<li>Dise\u00f1o y Supervisi\u00f3n del Proyecto del Restaurante \u201c Mezzanote \u201c<\/li>\n<li>Dise\u00f1o y Construcci\u00f3n de Viv. Residencial<\/li>\n<li>Dise\u00f1o y Construcci\u00f3n del Edificio Nieto<\/li>\n<li>Dise\u00f1o y construcci\u00f3n de la Plaza Comercial Villa del Mar<\/li>\n<li>Dise\u00f1o de conjunto de Departamentos, Gustavo Ovaya<\/li>\n<li>Remodelaci\u00f3n de Hotel Dal\u00ed y del Hotel Villa del mar<\/li>\n<\/ul>\n<p>&nbsp;<\/p>\n<p><span style=\"color: #3366ff; font-size: x-large;\"><strong>Enero del 2005- 2006<\/strong><\/span><\/p>\n<p>Catedr\u00e1tico de la Universidad Villa Rica.<\/p>\n<ul>\n<li>Taller de Proyectos<\/li>\n<li>Talles de Autocad B\u00e1sico y Avanzado<\/li>\n<li>Edificios Inteligentes<\/li>\n<li>Materiales Prefabricados<\/li>\n<\/ul>\n<p>&nbsp;<\/p>\n<p><span style=\"color: #3366ff; font-size: x-large;\"><strong>Marzo del 2006 \u2013 Enero del 2007<\/strong><\/span><\/p>\n<p>GEO Veracruz S.A. de C.V.<\/p>\n<p>Departamento de dise\u00f1o, Planeaci\u00f3n y Supervisi\u00f3n de Proyectos.<\/p>\n<ul>\n<li>Encargado del \u00c1rea de dise\u00f1o de Viv. Tipo residencial<\/li>\n<li>Desarrollo de 4 Prototipos de Vivienda residencial<\/li>\n<li>Desarrollo de la Presentaci\u00f3n del concurso nacional de vivienda<\/li>\n<li>Desarrollo y Adecuaci\u00f3n de Prototipos de Viv. De Inter\u00e9s Social pera el Fraccionamiento \u201cPuerto Esmeralda\u201d Coatzacoalcos, Ver.<\/li>\n<li>Jefe de Proyectos del Fraccionamiento Puerto Esmeralda, Coatzacoalcos, Ver.<\/li>\n<\/ul>\n<p>&nbsp;<\/p>\n<p><span style=\"color: #3366ff; font-size: x-large;\"><strong>Enero del 2007 \u2013 Dic 2008<\/strong><\/span><\/p>\n<p>Jefe de Proyectos de GEO Coatzacoalcos Veracruz.<\/p>\n<p>Desarrollo y Supervisi\u00f3n de:<\/p>\n<ul>\n<li>Proyecto Topogr\u00e1fico<\/li>\n<li>Proyecto de Urbanizaci\u00f3n<\/li>\n<li>Lotificaci\u00f3n<\/li>\n<li>Siembra<\/li>\n<li>Vialidades<\/li>\n<li>Proyecto de Nivelaci\u00f3n<\/li>\n<li>Trazo y Nivelaci\u00f3n de Plataformas.<\/li>\n<\/ul>\n<p><strong>Supervisi\u00f3n de:<\/strong><\/p>\n<ul>\n<li>Estudios de Mec\u00e1nica de Suelos<\/li>\n<li>Estudio de Impacto Ambiental<\/li>\n<li>Estudio de Hidrol\u00f3gico<\/li>\n<li>Estudio de Licuefacci\u00f3n<\/li>\n<li>Estudio de Espectro s\u00edsmico<\/li>\n<\/ul>\n<p><strong>Proyectos de Redes:<\/strong><\/p>\n<ul>\n<li>Redes Sanitarias<\/li>\n<li>Redes Pluvial<\/li>\n<li>Redes Hidr\u00e1ulica<\/li>\n<li>Redes de Electrificaci\u00f3n<\/li>\n<li>Alumbrado Publico<\/li>\n<\/ul>\n<p>Infraestructura:<\/p>\n<ul>\n<li>Tanque Elevado y Cisterna<\/li>\n<li>Parque Tem\u00e1tico<\/li>\n<li>Punto de Ventas<\/li>\n<li>Arco de Acceso<\/li>\n<li>Planta de Tratamiento<\/li>\n<li>Conexi\u00f3n de Agua Potable<\/li>\n<li>Conexi\u00f3n de Troncal El\u00e9ctrico.<\/li>\n<\/ul>\n<p><strong>Edificaci\u00f3n y vivienda:<\/strong><\/p>\n<ul>\n<li>Proyecto Arquitect\u00f3nico<\/li>\n<li>Estructural<\/li>\n<li>Inst. El\u00e9ctricas<\/li>\n<li>Inst. Hidr.-sanitarias<\/li>\n<li>Inst. de Gas<\/li>\n<li>Acabados<\/li>\n<li>Dise\u00f1o de Molde met\u00e1lico MECCANO para Viv de Inter\u00e9s Social<\/li>\n<\/ul>\n<p>&nbsp;<\/p>\n<p><span style=\"color: #3366ff; font-size: x-large;\"><strong>Enero del 2008 \u2013 Marzo del 2008<\/strong><\/span><\/p>\n<p>Jefe de Proyectos y Control de Calidad e Imagen Urbana de GEO Coatzacoalcos Veracruz.<\/p>\n<ul>\n<li>Supervisi\u00f3n de procesos constructivos<\/li>\n<li>Supervisi\u00f3n de especificaciones estructurales<\/li>\n<li>Supervisi\u00f3n de Acabados<\/li>\n<li>Supervisi\u00f3n de Instalaciones El\u00e9ctricas<\/li>\n<li>Supervisi\u00f3n de Instalaciones Sanitarias<\/li>\n<li>Supervisi\u00f3n de Imagen Urbana<\/li>\n<li>Supervisi\u00f3n de Urbanizaci\u00f3n<\/li>\n<li>Supervisi\u00f3n de Molde MECCANO<\/li>\n<\/ul>\n<p>&nbsp;<\/p>\n<p><span style=\"color: #3366ff; font-size: x-large;\"><strong>Marzo del 2008 \u2013 Noviembre del 2008<\/strong><\/span><\/p>\n<p>Superintendente de Construcci\u00f3n, Conjunto Residencial \u201cCabo Alto\u201d. Constructora Samperio S. de R.L. de C.V.<\/p>\n<ul>\n<li>Supervisi\u00f3n y Control general de Obra<\/li>\n<li>Dise\u00f1o, Desarrollo y seguimiento de Proyecto Integral.<\/li>\n<\/ul>\n<p><span style=\"font-size: x-large;\">Proyecto y Construcci\u00f3n<\/span><\/p>\n<p><strong>Febrero del 2001<\/strong><\/p>\n<p>Proyectos y Construcci\u00f3n de Residencia para el Lic. Jorge Ahued Malpica Ubicado en las Calles de Pulpo y Peto Costa de Oro Boca del Ri\u00f3 Veracruz.<\/p>\n<p><strong>Marzo del 2001<\/strong><\/p>\n<p>Proyecto y Obra Casa Habitaci\u00f3n en las Calles Sardina y Parque Nautla Costa de Oro<\/p>\n<p><strong>Abril del 2001<\/strong><\/p>\n<p>Dise\u00f1o y Remodelaci\u00f3n del Restaurante Veracruz ubicado en la Av. 2 de Abril Casi Esq. Sim\u00f3n Bol\u00edvar.<\/p>\n<p><strong>Septiembre del 2001<\/strong><\/p>\n<p>Colocaci\u00f3n de Impermeabilizante, Pintura y Textura en Muros exteriores de las Nuevas Oficinas de Tamsa 1<\/p>\n<p><strong>Septiembre del 2001<\/strong><\/p>\n<p>Proyecto y construcci\u00f3n del Restaurante Mezzanotte Veracruz, ubicado en Blvd. Manuel \u00c1vila Camacho, Boca del R\u00edo, Ver.<\/p>\n<p><strong>Abril del 2002<\/strong><\/p>\n<p>Proyecto y Remodelaci\u00f3n de Casa Habitaci\u00f3n C\u00e1p. Joaqu\u00edn Dorantes Calle Pargo # 99 Fracc. Costa de Oro Boca del R\u00edo, Ver.<\/p>\n<p><strong>Abril del 2002<\/strong><\/p>\n<p>Proyecto y Construcci\u00f3n locales para renta Lic. Antonio Sierra \u00c1lvarez ubicado en la calle Arista y Bravo Col. Centro Veracruz, Ver.<\/p>\n<p><strong>Enero del 2003<\/strong><\/p>\n<p>Proyecto de interiores y adecuaci\u00f3n de local para oficinas de NEXTEL ubicado en centro comercial PLAZA SANTA ANA Boca del ri\u00f3, Ver.<\/p>\n<p><strong>Marzo del 2003<\/strong><\/p>\n<p>Proyecto y Construcci\u00f3n de edificio Nieto para renta Sr. Carlos Nieto \u00c1lvarez ubicado en la Av. Vivero , fraccionamiento jardines de virginia, boca del ri\u00f3, Ver.<\/p>\n<p><strong>Junio del 2003<\/strong><\/p>\n<p>Proyecto y Construcci\u00f3n casa habitaci\u00f3n ubicada en el fraccionamiento para\u00edso del estero, Veracruz, Ver.<\/p>\n<p><strong>Julio del 2003<\/strong><\/p>\n<p>Supervisi\u00f3n de obra Agencia automotriz AUDI, boulevard Manuel \u00c1vila Camacho Veracruz, Ver.<\/p>\n<p><strong>Julio del 2003<\/strong><\/p>\n<p>Remodelaci\u00f3n de habitaciones Hotel Villas Dal\u00ed Boca del ri\u00f3, Ver.<\/p>\n<p><strong>Junio del 2003<\/strong><\/p>\n<p>Proyecto y adecuaci\u00f3n de local comercial para lencer\u00eda, centro comercial Plaza Las Am\u00e9ricas Boca del ri\u00f3, Ver.<\/p>\n<p><strong>Enero del 2004<\/strong><\/p>\n<p>Proyecto y Obra Casa Residencial Para el Sr. Jos\u00e9 Manuel Fernandez del Puerto Boca del Rio , Ver.<\/p>\n<p><strong>Abril del 2005<\/strong><\/p>\n<p>Proyecto y Obra Casa Residencial Para el Sr. Miguel Barquin del Puerto Boca del Rio , Ver.<\/p>\n<p><strong>Abril del 2005<\/strong><\/p>\n<p>Proyecto y Obra Casa Residencial Para el Sr. Fernando Barquin del Puerto Boca del Rio , Ver.<\/p>\n<p><strong>Mayo del 2005<\/strong><\/p>\n<p>Proyecto Conjunto de Locales comerciales Hotel Villa del Mar Veracruz, Ver.<\/p>\n<p><strong>Junio a la Fecha<\/strong><\/p>\n<p>Proyecto Integral de Conjunto de Departamentos en Veracruz, Ver.<\/p>\n<p>Proyecto Integral de un Motel de 20 cuartos en Veracruz, Ver.<\/p>\n<p>&nbsp;<\/p>\n<p><span style=\"font-size: x-large;\">Cursos y Estudios Independientes<\/span><\/p>\n<ul>\n<li>Instituto Mexicano del Petroleo IMP. (Enero de 1997)<\/li>\n<li>Impartici\u00f3n del curso \u201cAutocad. B\u00e1sico\u201d<\/li>\n<li>Hewlett-Packard Educacional. (Dic. 1999)<\/li>\n<li>Curso \u201cBig Impression\u201d Equipos para impresi\u00f3n de amplio formato.<\/li>\n<li>F\u00f3lder X. (Noviembre 1999)<\/li>\n<li>Curso Profesional de Adobe Photoshop, Fireworks, Dreamweaver, Flash.<\/li>\n<li>3M Imagen Gr\u00e1fica (Abril del 2000)<\/li>\n<li>Curso de Introducci\u00f3n de Materiales para Corte e Impresi\u00f3n.<\/li>\n<li>Kodak Mexicana S.A. de C.V. (Abril del 2000)<\/li>\n<li>Curso de \u201cEl Camino a la Excelencia en el Servicio\u201d.<\/li>\n<li>Opus Ole y Opus 2000. (Enero del 2003)<\/li>\n<li>Curso de An\u00e1lisis de Precios Unitarios<\/li>\n<li>Geo Veracruz, Curso B\u00e1sico de Neodata.<\/li>\n<li>Curso B\u00e1sico de An\u00e1lisis de Precios unitarios en Plataforma NEODATA.<\/li>\n<li>DARCO 3D Estudio Max. 8 T\u00e9cnicas Avanzadas (Abril 2006)<\/li>\n<li>Curso Avanzado de t\u00e9cnicas para la creaci\u00f3n de ambientes tridimensionales.<\/li>\n<li>Geo Veracruz, Curso B\u00e1sico de Civil Cad, (Junio 2006)<\/li>\n<li>Curso b\u00e1sico del sistema Civil Cad para el Calculo y Determinaci\u00f3n de Movimientos de tierra y elementos topogr\u00e1ficos tales como poligonales y cuadros de construcci\u00f3n.<\/li>\n<li>Geo Veracruz, Curso B\u00e1sico de Topograf\u00eda, (Oct. 2006)<\/li>\n<li>Curso b\u00e1sico para la determinaci\u00f3n de Puntos topogr\u00e1ficos y de niveles fijos<\/li>\n<li>Geo Veracruz, Curso B\u00e1sico de Operaci\u00f3n de Maquinaria, (Nov. 2006)<\/li>\n<li>Curso b\u00e1sico y Practica de 3 semanas de operaci\u00f3n de Retro excavadora.<\/li>\n<li>CONOCIMIENTOS ADQUIRIDOS<\/li>\n<\/ul>\n<p>&nbsp;<\/p>\n<h2><span style=\"font-size: x-large;\">T\u00e9cnicas de Dibujo Arquitecto en Veracruz<\/span><\/h2>\n<ul>\n<li>\u00d3leo, acuarela, pastel, pastel de aceite, carb\u00f3n, colores prisma color, aer\u00f3grafo.<\/li>\n<li>T\u00e9cnicas de Representaci\u00f3n<\/li>\n<li>Maquetas, planos maqueta, perspectivas a mano o por comp.<\/li>\n<li>Conocimientos b\u00e1sicos de Fotograf\u00eda y Medios de impresi\u00f3n.<\/li>\n<li>Dise\u00f1o por computadora.<\/li>\n<\/ul>\n<p>&nbsp;<\/p>\n<p><span style=\"font-size: x-large;\">Programas<\/span><\/p>\n<ul>\n<li>Autocad. 12,13, 2000, 2004, 2005, 2006, 2007<\/li>\n<li>3d estudio Max. 03, 06, 07, 08<\/li>\n<li>Photoshop<\/li>\n<li>Ilusteitor<\/li>\n<li>Corel<\/li>\n<li>Opus<\/li>\n<li>NEODATA<\/li>\n<li>Proyect<\/li>\n<li>Civil Cad<\/li>\n<li>Microsoft Word<\/li>\n<li>Microsoft Excel<\/li>\n<li>Microsoft PowerPoint<\/li>\n<li>Microsoft Outlook<\/li>\n<li>An\u00e1lisis de precios unitarios y Administraci\u00f3n de Obra<\/li>\n<li>Analizar un precio unitario<\/li>\n<li>Presupuestos de construcci\u00f3n<\/li>\n<li>Manejo b\u00e1sico de Opus<\/li>\n<li>Manejo de Microsoft Project<\/li>\n<li>Control y Administraci\u00f3n de Inventarios<\/li>\n<li>Control y Administraci\u00f3n de Estimaciones<\/li>\n<li>Control y Administraci\u00f3n de Personal en Obra<\/li>\n<li>Control de Calidad en Procesos de Construcci\u00f3n<\/li>\n<\/ul>\n<p>&nbsp;<\/p>\n<p><span style=\"font-size: x-large;\">Procedimientos de Construcci\u00f3n<\/span><\/p>\n<ul>\n<li>Elaboraci\u00f3n de concreto en obra<\/li>\n<li>Cimbras Met\u00e1licas<\/li>\n<li>Cimbra de lozas y Loza-acero, Reticulares<\/li>\n<li>Cimbra en trabes y columnas<\/li>\n<li>Armado de acero de refuerzo<\/li>\n<li>Aplicaci\u00f3n de repello en muros<\/li>\n<li>Colocaci\u00f3n de Plafones<\/li>\n<li>Aplicaci\u00f3n de Acabados, pintura y pastas<\/li>\n<li>Elaboraci\u00f3n de muebles de madera<\/li>\n<li>Conocimientos instalaciones el\u00e9ctricas<\/li>\n<li>Conocimientos instalaciones de Climas<\/li>\n<li>Conocimientos construcci\u00f3n de estructuras met\u00e1licas<\/li>\n<li>Conocimientos Iluminaci\u00f3n<\/li>\n<li>Conocimientos Instalaciones Hidro-sanitarios.<\/li>\n<\/ul>\n<h3>IDA &#8211; Iv\u00e1n Duarte Arquitecto en Veracruz, dise\u00f1o de casa, planos casas, planos proyectos, planos arquitectonicos, renders arquitectonicos, proyectos arquitectonicos, planos proyectos<\/h3>\n","protected":false},"excerpt":{"rendered":"<p>Arq. Iv\u00e1n Duarte Ben\u00edtez\u00a0Arquitecto en Veracruz Ced. Prof. 2872818 Desarrollo Profesional Diciembre de 1997-1999 Direcci\u00f3n y Supervisi\u00f3n y Desarrollo de Proyectos Integrales. Casas Residenciales Casas de Inter\u00e9s Social Departamentos Dise\u00f1o y planeaci\u00f3n de departamentos , Grupo C.O.V.I Bodegas industriales Dise\u00f1o &hellip; <a href=\"https:\/\/arquitectosveracruz.com\/?page_id=2\">Continue reading <span class=\"meta-nav\">&rarr;<\/span><\/a><\/p>\n","protected":false},"author":1,"featured_media":35,"parent":0,"menu_order":0,"comment_status":"closed","ping_status":"closed","template":"sidebar-page.php","meta":{"ngg_post_thumbnail":0,"footnotes":""},"class_list":["post-2","page","type-page","status-publish","has-post-thumbnail","hentry"],"_links":{"self":[{"href":"https:\/\/arquitectosveracruz.com\/index.php?rest_route=\/wp\/v2\/pages\/2","targetHints":{"allow":["GET"]}}],"collection":[{"href":"https:\/\/arquitectosveracruz.com\/index.php?rest_route=\/wp\/v2\/pages"}],"about":[{"href":"https:\/\/arquitectosveracruz.com\/index.php?rest_route=\/wp\/v2\/types\/page"}],"author":[{"embeddable":true,"href":"https:\/\/arquitectosveracruz.com\/index.php?rest_route=\/wp\/v2\/users\/1"}],"replies":[{"embeddable":true,"href":"https:\/\/arquitectosveracruz.com\/index.php?rest_route=%2Fwp%2Fv2%2Fcomments&post=2"}],"version-history":[{"count":15,"href":"https:\/\/arquitectosveracruz.com\/index.php?rest_route=\/wp\/v2\/pages\/2\/revisions"}],"predecessor-version":[{"id":4,"href":"https:\/\/arquitectosveracruz.com\/index.php?rest_route=\/wp\/v2\/pages\/2\/revisions\/4"}],"wp:featuredmedia":[{"embeddable":true,"href":"https:\/\/arquitectosveracruz.com\/index.php?rest_route=\/wp\/v2\/media\/35"}],"wp:attachment":[{"href":"https:\/\/arquitectosveracruz.com\/index.php?rest_route=%2Fwp%2Fv2%2Fmedia&parent=2"}],"curies":[{"name":"wp","href":"https:\/\/api.w.org\/{rel}","templated":true}]}}